{"id":45,"date":"2016-01-22T21:04:30","date_gmt":"2016-01-22T21:04:30","guid":{"rendered":"http:\/\/www.edicionesplatea.com\/blog\/?page_id=45"},"modified":"2025-02-01T10:25:51","modified_gmt":"2025-02-01T10:25:51","slug":"registro-en-nuestro-boletin-de-noticias","status":"publish","type":"page","link":"https:\/\/www.edicionesplatea.com\/blog\/registro-en-nuestro-boletin-de-noticias\/","title":{"rendered":"Registro en nuestro bolet\u00edn de noticias"},"content":{"rendered":"<p><a href=\"http:\/\/www.edicionesplatea.com\/blog\/wp-content\/uploads\/2016\/01\/platea_soldier_gr-1.jpg\" rel=\"attachment wp-att-47\"><img loading=\"lazy\" decoding=\"async\" class=\"alignnone size-full wp-image-47\" src=\"http:\/\/www.edicionesplatea.com\/blog\/wp-content\/uploads\/2016\/01\/platea_soldier_gr-1.jpg\" alt=\"platea_soldier_gr-1\" width=\"130\" height=\"148\" \/><\/a><\/p>\n<p><main class=\"main\"><\/p>\n<div class=\"editorial\">\n<div class=\"section-dali\">\n<div class=\"dali-grid\">\n<div id=\"block-6d9b34f9-221d-41c1-a648-a138e030e465\" class=\"dali-block\" data-testid=\"block-6d9b34f9-221d-41c1-a648-a138e030e465\" data-block-type=\"epages.text\">\n<div class=\"dali-grid-row\">\n<div class=\"dali-grid-column\">\n<div class=\"dali-grid-element\">\n<div class=\"dali-grid-element-wrapper\">\n<div class=\"dali-plugin-text\">\n<div class=\"dali-plugin-text-content\">\n<p>CLUB SALAMINA &#8211; BOLET\u00cdN DE INFORMACI\u00d3N Y PROMOCIONES<\/p>\n<p>Suscr\u00edbete y permanece al corriente de todas nuestras novedades y promociones exclusivas para miembros del Club Salamina. Te iremos informando puntualmente.<\/p>\n<p><a href=\"https:\/\/edicionessalamina.ipzmarketing.com\/f\/csjfEbYbArw\" target=\"_blank\" rel=\"noopener noreferrer\">Pincha aqu\u00ed para suscribirte<\/a><\/p>\n<p>Puedes darte de baja de nuestro bolet\u00edn en cuanto lo desees haciendo clic en el enlace que hay en el pie de p\u00e1gina de cualquier bolet\u00edn que recibas de nuestra parte, o poni\u00e9ndote en contacto con nosotros en baja@edicionessalamina.com.<\/p>\n<p>Los datos recogidos en el formulario de alta y suscripci\u00f3n a nuestro bolet\u00edn de noticias y servicios ser\u00e1n incorporados a la empresa para la prestaci\u00f3n del servicio y para mantenerle informado mediante el Newsletter. De acuerdo con el Reglamento (UE) 2016\/679 de Protecci\u00f3n de Datos de car\u00e1cter personal le informamos que los datos recogidos por Ediciones Platea SL se usar\u00e1n con el \u00fanico prop\u00f3sito de incorporarlos a nuestro servicio informativo y usted podr\u00e1 ejercer los derechos que le asisten como usuario.<\/p>\n<\/div>\n<\/div>\n<\/div>\n<\/div>\n<\/div>\n<\/div>\n<\/div>\n<\/div>\n<\/div>\n<\/div>\n<p><\/main><\/p>\n","protected":false},"excerpt":{"rendered":"<p>CLUB SALAMINA &#8211; BOLET\u00cdN DE INFORMACI\u00d3N Y PROMOCIONES Suscr\u00edbete y permanece al corriente de todas nuestras novedades y promociones exclusivas para miembros del Club Salamina. Te iremos informando puntualmente. Pincha aqu\u00ed para suscribirte Puedes darte de baja de nuestro bolet\u00edn &hellip; <a href=\"https:\/\/www.edicionesplatea.com\/blog\/registro-en-nuestro-boletin-de-noticias\/\">Sigue leyendo <span class=\"meta-nav\">&rarr;<\/span><\/a><\/p>\n","protected":false},"author":1,"featured_media":0,"parent":0,"menu_order":0,"comment_status":"closed","ping_status":"closed","template":"contact.php","meta":{"footnotes":""},"class_list":["post-45","page","type-page","status-publish","hentry"],"_links":{"self":[{"href":"https:\/\/www.edicionesplatea.com\/blog\/wp-json\/wp\/v2\/pages\/45","targetHints":{"allow":["GET"]}}],"collection":[{"href":"https:\/\/www.edicionesplatea.com\/blog\/wp-json\/wp\/v2\/pages"}],"about":[{"href":"https:\/\/www.edicionesplatea.com\/blog\/wp-json\/wp\/v2\/types\/page"}],"author":[{"embeddable":true,"href":"https:\/\/www.edicionesplatea.com\/blog\/wp-json\/wp\/v2\/users\/1"}],"replies":[{"embeddable":true,"href":"https:\/\/www.edicionesplatea.com\/blog\/wp-json\/wp\/v2\/comments?post=45"}],"version-history":[{"count":3,"href":"https:\/\/www.edicionesplatea.com\/blog\/wp-json\/wp\/v2\/pages\/45\/revisions"}],"predecessor-version":[{"id":2169,"href":"https:\/\/www.edicionesplatea.com\/blog\/wp-json\/wp\/v2\/pages\/45\/revisions\/2169"}],"wp:attachment":[{"href":"https:\/\/www.edicionesplatea.com\/blog\/wp-json\/wp\/v2\/media?parent=45"}],"curies":[{"name":"wp","href":"https:\/\/api.w.org\/{rel}","templated":true}]}}